{"id":741,"date":"2023-09-19T16:17:04","date_gmt":"2023-09-19T14:17:04","guid":{"rendered":"https:\/\/aixaddacademy.com\/?page_id=741"},"modified":"2025-08-28T17:56:09","modified_gmt":"2025-08-28T15:56:09","slug":"documents-a-telecharger","status":"publish","type":"page","link":"https:\/\/aixaddacademy.com\/index.php\/documents-a-telecharger\/","title":{"rendered":"Documents \u00e0 t\u00e9l\u00e9charger"},"content":{"rendered":"\t\t<div data-elementor-type=\"wp-page\" data-elementor-id=\"741\" class=\"elementor elementor-741\">\n\t\t\t\t\t\t<section class=\"elementor-section elementor-top-section elementor-element elementor-element-9c8fd69 elementor-section-boxed elementor-section-height-default elementor-section-height-default\" data-id=\"9c8fd69\" data-element_type=\"section\">\n\t\t\t\t\t\t<div class=\"elementor-container elementor-column-gap-default\">\n\t\t\t\t\t<div class=\"elementor-column elementor-col-100 elementor-top-column elementor-element elementor-element-c72b15d\" data-id=\"c72b15d\" data-element_type=\"column\">\n\t\t\t<div class=\"elementor-widget-wrap elementor-element-populated\">\n\t\t\t\t\t\t<div class=\"elementor-element elementor-element-b130384 elementor-widget elementor-widget-heading\" data-id=\"b130384\" data-element_type=\"widget\" data-widget_type=\"heading.default\">\n\t\t\t\t<div class=\"elementor-widget-container\">\n\t\t\t\t\t<h2 class=\"elementor-heading-title elementor-size-default\">DOCUMENTS \u00c0 T\u00c9L\u00c9CHARGER ET REMPLIR<\/h2>\t\t\t\t<\/div>\n\t\t\t\t<\/div>\n\t\t<div class=\"elementor-element elementor-element-7cb9406 e-flex e-con-boxed e-con e-parent\" data-id=\"7cb9406\" data-element_type=\"container\">\n\t\t\t\t\t<div class=\"e-con-inner\">\n\t\t\t\t\t<\/div>\n\t\t\t\t<\/div>\n\t\t\t\t<div class=\"elementor-element elementor-element-2e5b04fd elementor-widget elementor-widget-text-editor\" data-id=\"2e5b04fd\" data-element_type=\"widget\" data-widget_type=\"text-editor.default\">\n\t\t\t\t<div class=\"elementor-widget-container\">\n\t\t\t\t\t\t\t\t\t\n<div class=\"aligncenter kt-block-spacer-741_7ce7b0-ca\">\n<div>\u00a0<\/div>\n<div class=\"kt-block-spacer kt-block-spacer-halign-center\">Ce que disent les d\u00e9crets<\/div>\n<\/div>\n<div class=\"wp-block-kadence-column kadence-column741_da3398-64 kb-section-dir-vertical inner-column-1\">\n<div class=\"kt-inside-inner-col\">\n<ul class=\"wp-block-list\">\n<li class=\"has-small-font-size\"><strong>Pour les majeurs :<\/strong>\u00a0Suite \u00e0 l\u2019adoption d\u00e9finitive par l\u2019Assembl\u00e9e nationale de la proposition de loi du 2 mars 2022 visant \u00e0 d\u00e9mocratiser le Sport, l\u2019acc\u00e8s aux clubs sportifs par les pratiquants est facilit\u00e9 en\u00a0<strong>supprimant l\u2019obligation de pr\u00e9senter un certificat m\u00e9dical pour les majeurs<\/strong>\u00a0et en confiant aux commissions m\u00e9dicales des f\u00e9d\u00e9rations sportives le soin de d\u00e9finir les conditions dans lesquelles la pr\u00e9sentation du certificat m\u00e9dical est exig\u00e9e pour l\u2019obtention ou le renouvellement d\u2019une licence.<\/li>\n\n<li class=\"has-small-font-size\"><strong>Pour les mineurs :<\/strong>\u00a0Depuis le d\u00e9cret du 7 mai 2021,\u00a0<strong>le certificat m\u00e9dical n&rsquo;est plus n\u00e9cessaire, pour les mineurs,<\/strong>\u00a0pour l&rsquo;obtention ou le renouvellement d&rsquo;une licence sportive. Le responsable l\u00e9gal du mineur doit remplir avec lui le questionnaire de sant\u00e9. Si toutes les r\u00e9ponses sont n\u00e9gatives, le responsable l\u00e9gal doit compl\u00e9ter et fournir l&rsquo;attestation au Club.<\/li>\n<\/ul>\n\n<h4 class=\"wp-block-heading\">La s\u00e9curit\u00e9 avant tout<\/h4>\n\n<p class=\"has-text-align-center has-small-font-size\">Si nos animateurs dipl\u00f4m\u00e9s ont les comp\u00e9tences pour assurer la s\u00e9curit\u00e9 des pratiques, nous recommandons n\u00e9anmoins \u00e0 nos adh\u00e9rents de prendre l\u2019avis de leur m\u00e9decin traitant ou de s\u2019assurer via le questionnaire de sant\u00e9 qu\u2019il n\u2019y a pas d\u2019obstacle \u00e0 la pratique de l\u2019activit\u00e9 choisie.<\/p>\n<\/div>\n<\/div>\n<!-- \/wp:kadence\/column --><!-- wp:kadence\/column {\"id\":2,\"borderWidth\":[\"\",\"\",\"\",\"\"],\"uniqueID\":\"741_889484-37\",\"vsdesk\":true,\"vstablet\":true,\"vsmobile\":true,\"padding\":[\"0\",\"0\",\"0\",\"0\"],\"tabletPadding\":[\"0\",\"0\",\"0\",\"0\"],\"mobilePadding\":[\"0\",\"0\",\"0\",\"0\"],\"borderStyle\":[{\"top\":[\"\",\"\",\"\"],\"right\":[\"\",\"\",\"\"],\"bottom\":[\"\",\"\",\"\"],\"left\":[\"\",\"\",\"\"],\"unit\":\"px\"}],\"className\":\"inner-column-2\"} -->\n<div class=\"wp-block-kadence-column kadence-column741_889484-37 kvs-lg-false kvs-md-false kvs-sm-false inner-column-2\">\n<div class=\"kt-inside-inner-col\"><!-- wp:paragraph -->\n<p>QUESTIONNAIRE SANT\u00c9 MINEUR<\/p>\n<!-- \/wp:paragraph --><!-- wp:kadence\/advancedbtn {\"uniqueID\":\"741_6a909c-95\"} -->\n<div class=\"wp-block-kadence-advancedbtn kb-buttons-wrap kb-btns741_6a909c-95\"><!-- wp:kadence\/singlebtn {\"uniqueID\":\"741_6c4958-d7\",\"text\":\"T\u00e9l\u00e9chargez maintenant\",\"download\":true} \/--><\/div>\n<!-- \/wp:kadence\/advancedbtn --><!-- wp:paragraph -->\n<p>QUESTIONNAIRE SANT\u00c9 + 18 ANS<\/p>\n<!-- \/wp:paragraph --><!-- wp:kadence\/advancedbtn {\"uniqueID\":\"741_821579-42\"} -->\n<div class=\"wp-block-kadence-advancedbtn kb-buttons-wrap kb-btns741_821579-42\"><!-- wp:kadence\/singlebtn {\"uniqueID\":\"741_fddcd2-4d\",\"text\":\"T\u00e9l\u00e9chargez maintenant\",\"download\":true} \/--><\/div>\n<!-- \/wp:kadence\/advancedbtn --><\/div>\n<\/div>\n<!-- \/wp:kadence\/column --><!-- \/wp:kadence\/rowlayout -->\t\t\t\t\t\t\t\t<\/div>\n\t\t\t\t<\/div>\n\t\t\t\t\t<\/div>\n\t\t<\/div>\n\t\t\t\t\t<\/div>\n\t\t<\/section>\n\t\t<div class=\"elementor-element elementor-element-4754ff2 e-flex e-con-boxed e-con e-parent\" data-id=\"4754ff2\" data-element_type=\"container\">\n\t\t\t\t\t<div class=\"e-con-inner\">\n\t\t<div class=\"elementor-element elementor-element-ebb0448 e-con-full e-flex e-con e-child\" data-id=\"ebb0448\" data-element_type=\"container\">\n\t\t\t\t<div class=\"elementor-element elementor-element-0d26436 elementor-widget elementor-widget-text-editor\" data-id=\"0d26436\" data-element_type=\"widget\" data-widget_type=\"text-editor.default\">\n\t\t\t\t<div class=\"elementor-widget-container\">\n\t\t\t\t\t\t\t\t\t<p>TELECHARGEZ QUESTIONNAIRE SANT\u00c9\u00a0 &#8211; 18 ans<\/p>\t\t\t\t\t\t\t\t<\/div>\n\t\t\t\t<\/div>\n\t\t\t\t<div class=\"elementor-element elementor-element-a569e0a elementor-align-center elementor-widget elementor-widget-button\" data-id=\"a569e0a\" data-element_type=\"widget\" data-widget_type=\"button.default\">\n\t\t\t\t<div class=\"elementor-widget-container\">\n\t\t\t\t\t\t\t\t\t<div class=\"elementor-button-wrapper\">\n\t\t\t\t\t<a class=\"elementor-button elementor-button-link elementor-size-sm\" href=\"https:\/\/aixaddacademy.com\/wp-content\/uploads\/2023\/09\/QUESTIONNAIRE-SANTE-MINEUR-def.pdf\">\n\t\t\t\t\t\t<span class=\"elementor-button-content-wrapper\">\n\t\t\t\t\t\t\t\t\t<span class=\"elementor-button-text\">Cliquez ici<\/span>\n\t\t\t\t\t<\/span>\n\t\t\t\t\t<\/a>\n\t\t\t\t<\/div>\n\t\t\t\t\t\t\t\t<\/div>\n\t\t\t\t<\/div>\n\t\t\t\t<div class=\"elementor-element elementor-element-f7c4666 elementor-widget elementor-widget-spacer\" data-id=\"f7c4666\" data-element_type=\"widget\" data-widget_type=\"spacer.default\">\n\t\t\t\t<div class=\"elementor-widget-container\">\n\t\t\t\t\t\t\t<div class=\"elementor-spacer\">\n\t\t\t<div class=\"elementor-spacer-inner\"><\/div>\n\t\t<\/div>\n\t\t\t\t\t\t<\/div>\n\t\t\t\t<\/div>\n\t\t\t\t<\/div>\n\t\t<div class=\"elementor-element elementor-element-70adfdb e-con-full e-flex e-con e-child\" data-id=\"70adfdb\" data-element_type=\"container\">\n\t\t\t\t<div class=\"elementor-element elementor-element-a42948a elementor-widget elementor-widget-text-editor\" data-id=\"a42948a\" data-element_type=\"widget\" data-widget_type=\"text-editor.default\">\n\t\t\t\t<div class=\"elementor-widget-container\">\n\t\t\t\t\t\t\t\t\t<p>TELECHARGEZ QUESTIONNAIRE SANT\u00c9\u00a0 + 18 ans<\/p>\t\t\t\t\t\t\t\t<\/div>\n\t\t\t\t<\/div>\n\t\t\t\t<div class=\"elementor-element elementor-element-566b8c8 elementor-align-center elementor-widget elementor-widget-button\" data-id=\"566b8c8\" data-element_type=\"widget\" data-widget_type=\"button.default\">\n\t\t\t\t<div class=\"elementor-widget-container\">\n\t\t\t\t\t\t\t\t\t<div class=\"elementor-button-wrapper\">\n\t\t\t\t\t<a class=\"elementor-button elementor-button-link elementor-size-sm\" href=\"https:\/\/aixaddacademy.com\/wp-content\/uploads\/2023\/09\/questionnaire-medical-MAJEUR.png\">\n\t\t\t\t\t\t<span class=\"elementor-button-content-wrapper\">\n\t\t\t\t\t\t\t\t\t<span class=\"elementor-button-text\">Cliquez ici<\/span>\n\t\t\t\t\t<\/span>\n\t\t\t\t\t<\/a>\n\t\t\t\t<\/div>\n\t\t\t\t\t\t\t\t<\/div>\n\t\t\t\t<\/div>\n\t\t\t\t<\/div>\n\t\t\t\t\t<\/div>\n\t\t\t\t<\/div>\n\t\t<div class=\"elementor-element elementor-element-bc0390b e-flex e-con-boxed e-con e-parent\" data-id=\"bc0390b\" data-element_type=\"container\">\n\t\t\t\t\t<div class=\"e-con-inner\">\n\t\t<div class=\"elementor-element elementor-element-6a17b3b e-con-full e-flex e-con e-child\" data-id=\"6a17b3b\" data-element_type=\"container\">\n\t\t\t\t<div class=\"elementor-element elementor-element-e74fe0c elementor-widget elementor-widget-text-editor\" data-id=\"e74fe0c\" data-element_type=\"widget\" data-widget_type=\"text-editor.default\">\n\t\t\t\t<div class=\"elementor-widget-container\">\n\t\t\t\t\t\t\t\t\t<p><span style=\"text-decoration: underline;\">Formulaire d&rsquo;autorisation de Droit \u00e0 l&rsquo;image <\/span><strong>(mineur) <a href=\"https:\/\/aixaddacademy.com\/wp-content\/uploads\/2023\/09\/DROIT-A-LIMAGE-MiNEUR.pdf\">TELECHARGEZ ICI<\/a><\/strong><\/p>\t\t\t\t\t\t\t\t<\/div>\n\t\t\t\t<\/div>\n\t\t\t\t<div class=\"elementor-element elementor-element-58a7577 elementor-widget elementor-widget-text-editor\" data-id=\"58a7577\" data-element_type=\"widget\" data-widget_type=\"text-editor.default\">\n\t\t\t\t<div class=\"elementor-widget-container\">\n\t\t\t\t\t\t\t\t\t<p><span style=\"text-decoration: underline;\">Formulaire d&rsquo;autorisation de Droit \u00e0 l&rsquo;image<\/span> <strong>(majeur) <a href=\"https:\/\/aixaddacademy.com\/wp-content\/uploads\/2023\/09\/DROIT-A-LIMAGE-MAJEUR.pdf\">TELECHARGEZ ICI<\/a><\/strong><\/p>\t\t\t\t\t\t\t\t<\/div>\n\t\t\t\t<\/div>\n\t\t\t\t<\/div>\n\t\t<div class=\"elementor-element elementor-element-0b7c5c0 e-con-full e-flex e-con e-child\" data-id=\"0b7c5c0\" data-element_type=\"container\">\n\t\t\t\t<div class=\"elementor-element elementor-element-cbadb46 elementor-widget elementor-widget-text-editor\" data-id=\"cbadb46\" data-element_type=\"widget\" data-widget_type=\"text-editor.default\">\n\t\t\t\t<div class=\"elementor-widget-container\">\n\t\t\t\t\t\t\t\t\t<div class=\"elementor-element elementor-element-590f630 elementor-widget elementor-widget-text-editor\" data-id=\"590f630\" data-element_type=\"widget\" data-widget_type=\"text-editor.default\">\n<div class=\"elementor-widget-container\">\n<p><strong>En vous inscrivant \u00e0 l\u2019ADDA. AIX vous obtenez \u00e9galement une licence \u00ab Sport Pour Tous \u00bb, F\u00e9d\u00e9ration avec laquelle nous somme affili\u00e9e.<\/strong><\/p>\n<p><strong>Cette affiliation ouvre notamment des droits aux dispositif PASS\u2019SPORT (50 EUROS\/ENFANTS) plus d\u2019info ici : <a href=\"https:\/\/www.pass.sports.gouv.fr\/?fbclid=IwAR3A-mflst-A8RN77unovTyiceh9VjIcQ744buBJEznP44BuquJTumYs1fo\">CLIQUEZ ICI\u00a0<\/a><\/strong><\/p>\n<\/div>\n<\/div>\n<div class=\"elementor-element elementor-element-1dd748c elementor-mobile-align-center elementor-align-center elementor-widget elementor-widget-button\" data-id=\"1dd748c\" data-element_type=\"widget\" data-widget_type=\"button.default\">\n<div class=\"elementor-widget-container\">\n<div class=\"elementor-button-wrapper\">\u00a0<\/div>\n<\/div>\n<\/div>\t\t\t\t\t\t\t\t<\/div>\n\t\t\t\t<\/div>\n\t\t\t\t<div class=\"elementor-element elementor-element-b726a11 elementor-widget elementor-widget-image\" data-id=\"b726a11\" data-element_type=\"widget\" data-widget_type=\"image.default\">\n\t\t\t\t<div class=\"elementor-widget-container\">\n\t\t\t\t\t\t\t\t\t\t\t\t\t\t\t<img fetchpriority=\"high\" decoding=\"async\" width=\"300\" height=\"424\" src=\"https:\/\/aixaddacademy.com\/wp-content\/uploads\/2023\/09\/AFFILIATION-FFSPT-300x424.png\" class=\"attachment-responsive-300 size-responsive-300 wp-image-773\" alt=\"\" srcset=\"https:\/\/aixaddacademy.com\/wp-content\/uploads\/2023\/09\/AFFILIATION-FFSPT-300x424.png 300w, https:\/\/aixaddacademy.com\/wp-content\/uploads\/2023\/09\/AFFILIATION-FFSPT-212x300.png 212w, https:\/\/aixaddacademy.com\/wp-content\/uploads\/2023\/09\/AFFILIATION-FFSPT-724x1024.png 724w, https:\/\/aixaddacademy.com\/wp-content\/uploads\/2023\/09\/AFFILIATION-FFSPT-768x1086.png 768w, https:\/\/aixaddacademy.com\/wp-content\/uploads\/2023\/09\/AFFILIATION-FFSPT-1086x1536.png 1086w, https:\/\/aixaddacademy.com\/wp-content\/uploads\/2023\/09\/AFFILIATION-FFSPT-100x141.png 100w, https:\/\/aixaddacademy.com\/wp-content\/uploads\/2023\/09\/AFFILIATION-FFSPT-150x212.png 150w, https:\/\/aixaddacademy.com\/wp-content\/uploads\/2023\/09\/AFFILIATION-FFSPT-200x283.png 200w, https:\/\/aixaddacademy.com\/wp-content\/uploads\/2023\/09\/AFFILIATION-FFSPT-450x636.png 450w, https:\/\/aixaddacademy.com\/wp-content\/uploads\/2023\/09\/AFFILIATION-FFSPT-600x849.png 600w, https:\/\/aixaddacademy.com\/wp-content\/uploads\/2023\/09\/AFFILIATION-FFSPT-900x1273.png 900w, https:\/\/aixaddacademy.com\/wp-content\/uploads\/2023\/09\/AFFILIATION-FFSPT.png 1414w\" sizes=\"(max-width: 300px) 100vw, 300px\" \/>\t\t\t\t\t\t\t\t\t\t\t\t\t\t\t<\/div>\n\t\t\t\t<\/div>\n\t\t\t\t<\/div>\n\t\t\t\t<div class=\"elementor-element elementor-element-72484c9 elementor-widget elementor-widget-spacer\" data-id=\"72484c9\" data-element_type=\"widget\" data-widget_type=\"spacer.default\">\n\t\t\t\t<div class=\"elementor-widget-container\">\n\t\t\t\t\t\t\t<div class=\"elementor-spacer\">\n\t\t\t<div class=\"elementor-spacer-inner\"><\/div>\n\t\t<\/div>\n\t\t\t\t\t\t<\/div>\n\t\t\t\t<\/div>\n\t\t<div class=\"elementor-element elementor-element-60fc128 e-con-full e-flex e-con e-child\" data-id=\"60fc128\" data-element_type=\"container\">\n\t\t\t\t<\/div>\n\t\t\t\t\t<\/div>\n\t\t\t\t<\/div>\n\t\t<div class=\"elementor-element elementor-element-ca9a1a1 e-flex e-con-boxed e-con e-parent\" data-id=\"ca9a1a1\" data-element_type=\"container\">\n\t\t\t\t\t<div class=\"e-con-inner\">\n\t\t\t\t<div class=\"elementor-element elementor-element-1dc5306 elementor-widget elementor-widget-spacer\" data-id=\"1dc5306\" data-element_type=\"widget\" data-widget_type=\"spacer.default\">\n\t\t\t\t<div class=\"elementor-widget-container\">\n\t\t\t\t\t\t\t<div class=\"elementor-spacer\">\n\t\t\t<div class=\"elementor-spacer-inner\"><\/div>\n\t\t<\/div>\n\t\t\t\t\t\t<\/div>\n\t\t\t\t<\/div>\n\t\t\t\t\t<\/div>\n\t\t\t\t<\/div>\n\t\t<div class=\"elementor-element elementor-element-4c661dd e-flex e-con-boxed e-con e-parent\" data-id=\"4c661dd\" data-element_type=\"container\">\n\t\t\t\t\t<div class=\"e-con-inner\">\n\t\t\t\t<div class=\"elementor-element elementor-element-157ed6e elementor-widget elementor-widget-image\" data-id=\"157ed6e\" data-element_type=\"widget\" data-widget_type=\"image.default\">\n\t\t\t\t<div class=\"elementor-widget-container\">\n\t\t\t\t\t\t\t\t\t\t\t\t\t\t\t<img decoding=\"async\" width=\"200\" height=\"118\" src=\"https:\/\/aixaddacademy.com\/wp-content\/uploads\/2022\/09\/fedeyamak-visuel-2-1.png\" class=\"attachment-responsive-200 size-responsive-200 wp-image-49\" alt=\"\" srcset=\"https:\/\/aixaddacademy.com\/wp-content\/uploads\/2022\/09\/fedeyamak-visuel-2-1.png 1666w, https:\/\/aixaddacademy.com\/wp-content\/uploads\/2022\/09\/fedeyamak-visuel-2-1-300x178.png 300w, https:\/\/aixaddacademy.com\/wp-content\/uploads\/2022\/09\/fedeyamak-visuel-2-1-1024x606.png 1024w, https:\/\/aixaddacademy.com\/wp-content\/uploads\/2022\/09\/fedeyamak-visuel-2-1-768x455.png 768w, https:\/\/aixaddacademy.com\/wp-content\/uploads\/2022\/09\/fedeyamak-visuel-2-1-1536x909.png 1536w, https:\/\/aixaddacademy.com\/wp-content\/uploads\/2022\/09\/fedeyamak-visuel-2-1-1568x928.png 1568w\" sizes=\"(max-width: 200px) 100vw, 200px\" \/>\t\t\t\t\t\t\t\t\t\t\t\t\t\t\t<\/div>\n\t\t\t\t<\/div>\n\t\t\t\t\t<\/div>\n\t\t\t\t<\/div>\n\t\t\t\t<\/div>\n\t\t","protected":false},"excerpt":{"rendered":"<p>DOCUMENTS \u00c0 T\u00c9L\u00c9CHARGER ET REMPLIR La s\u00e9curit\u00e9 avant tout Si nos animateurs dipl\u00f4m\u00e9s ont les comp\u00e9tences pour assurer la s\u00e9curit\u00e9 des pratiques, nous recommandons n\u00e9anmoins \u00e0 nos adh\u00e9rents de prendre l\u2019avis de leur m\u00e9decin traitant ou de s\u2019assurer via le &hellip;<\/p>\n<p class=\"read-more\"> <a class=\"more-link\" href=\"https:\/\/aixaddacademy.com\/index.php\/documents-a-telecharger\/\"> <span class=\"screen-reader-text\">Documents \u00e0 t\u00e9l\u00e9charger<\/span> Read More &raquo;<\/a><\/p>\n","protected":false},"author":1,"featured_media":0,"parent":0,"menu_order":0,"comment_status":"closed","ping_status":"closed","template":"","meta":{"_monsterinsights_skip_tracking":false,"_monsterinsights_sitenote_active":false,"_monsterinsights_sitenote_note":"","_monsterinsights_sitenote_category":0,"footnotes":""},"class_list":["post-741","page","type-page","status-publish","hentry"],"yoast_head":"<!-- This site is optimized with the Yoast SEO plugin v25.9 - https:\/\/yoast.com\/wordpress\/plugins\/seo\/ -->\n<title>Documents \u00e0 t\u00e9l\u00e9charger - ADD ACADEMY BY YAMAKASI AIX-EN-PROVENCE<\/title>\n<meta name=\"robots\" content=\"index, follow, max-snippet:-1, max-image-preview:large, max-video-preview:-1\" \/>\n<link rel=\"canonical\" href=\"https:\/\/aixaddacademy.com\/index.php\/documents-a-telecharger\/\" \/>\n<meta property=\"og:locale\" content=\"fr_FR\" \/>\n<meta property=\"og:type\" content=\"article\" \/>\n<meta property=\"og:title\" content=\"Documents \u00e0 t\u00e9l\u00e9charger - ADD ACADEMY BY YAMAKASI AIX-EN-PROVENCE\" \/>\n<meta property=\"og:description\" content=\"DOCUMENTS \u00c0 T\u00c9L\u00c9CHARGER ET REMPLIR La s\u00e9curit\u00e9 avant tout Si nos animateurs dipl\u00f4m\u00e9s ont les comp\u00e9tences pour assurer la s\u00e9curit\u00e9 des pratiques, nous recommandons n\u00e9anmoins \u00e0 nos adh\u00e9rents de prendre l\u2019avis de leur m\u00e9decin traitant ou de s\u2019assurer via le &hellip; Documents \u00e0 t\u00e9l\u00e9charger Read More &raquo;\" \/>\n<meta property=\"og:url\" content=\"https:\/\/aixaddacademy.com\/index.php\/documents-a-telecharger\/\" \/>\n<meta property=\"og:site_name\" content=\"ADD ACADEMY BY YAMAKASI AIX-EN-PROVENCE\" \/>\n<meta property=\"article:modified_time\" content=\"2025-08-28T15:56:09+00:00\" \/>\n<meta property=\"og:image\" content=\"https:\/\/aixaddacademy.com\/wp-content\/uploads\/2023\/09\/AFFILIATION-FFSPT.png\" \/>\n\t<meta property=\"og:image:width\" content=\"1414\" \/>\n\t<meta property=\"og:image:height\" content=\"2000\" \/>\n\t<meta property=\"og:image:type\" content=\"image\/png\" \/>\n<meta name=\"twitter:card\" content=\"summary_large_image\" \/>\n<meta name=\"twitter:label1\" content=\"Dur\u00e9e de lecture estim\u00e9e\" \/>\n\t<meta name=\"twitter:data1\" content=\"2 minutes\" \/>\n<script type=\"application\/ld+json\" class=\"yoast-schema-graph\">{\"@context\":\"https:\/\/schema.org\",\"@graph\":[{\"@type\":\"WebPage\",\"@id\":\"https:\/\/aixaddacademy.com\/index.php\/documents-a-telecharger\/\",\"url\":\"https:\/\/aixaddacademy.com\/index.php\/documents-a-telecharger\/\",\"name\":\"Documents \u00e0 t\u00e9l\u00e9charger - ADD ACADEMY BY YAMAKASI AIX-EN-PROVENCE\",\"isPartOf\":{\"@id\":\"https:\/\/aixaddacademy.com\/#website\"},\"primaryImageOfPage\":{\"@id\":\"https:\/\/aixaddacademy.com\/index.php\/documents-a-telecharger\/#primaryimage\"},\"image\":{\"@id\":\"https:\/\/aixaddacademy.com\/index.php\/documents-a-telecharger\/#primaryimage\"},\"thumbnailUrl\":\"https:\/\/aixaddacademy.com\/wp-content\/uploads\/2023\/09\/AFFILIATION-FFSPT-300x424.png\",\"datePublished\":\"2023-09-19T14:17:04+00:00\",\"dateModified\":\"2025-08-28T15:56:09+00:00\",\"breadcrumb\":{\"@id\":\"https:\/\/aixaddacademy.com\/index.php\/documents-a-telecharger\/#breadcrumb\"},\"inLanguage\":\"fr-FR\",\"potentialAction\":[{\"@type\":\"ReadAction\",\"target\":[\"https:\/\/aixaddacademy.com\/index.php\/documents-a-telecharger\/\"]}]},{\"@type\":\"ImageObject\",\"inLanguage\":\"fr-FR\",\"@id\":\"https:\/\/aixaddacademy.com\/index.php\/documents-a-telecharger\/#primaryimage\",\"url\":\"https:\/\/aixaddacademy.com\/wp-content\/uploads\/2023\/09\/AFFILIATION-FFSPT.png\",\"contentUrl\":\"https:\/\/aixaddacademy.com\/wp-content\/uploads\/2023\/09\/AFFILIATION-FFSPT.png\",\"width\":1414,\"height\":2000},{\"@type\":\"BreadcrumbList\",\"@id\":\"https:\/\/aixaddacademy.com\/index.php\/documents-a-telecharger\/#breadcrumb\",\"itemListElement\":[{\"@type\":\"ListItem\",\"position\":1,\"name\":\"Accueil\",\"item\":\"https:\/\/aixaddacademy.com\/\"},{\"@type\":\"ListItem\",\"position\":2,\"name\":\"Documents \u00e0 t\u00e9l\u00e9charger\"}]},{\"@type\":\"WebSite\",\"@id\":\"https:\/\/aixaddacademy.com\/#website\",\"url\":\"https:\/\/aixaddacademy.com\/\",\"name\":\"ADD ACADEMY BY YAMAKASI AIX-EN-PROVENCE\",\"description\":\"L&#039;\u00e9cole des YAMAKASI en Provence\",\"publisher\":{\"@id\":\"https:\/\/aixaddacademy.com\/#organization\"},\"potentialAction\":[{\"@type\":\"SearchAction\",\"target\":{\"@type\":\"EntryPoint\",\"urlTemplate\":\"https:\/\/aixaddacademy.com\/?s={search_term_string}\"},\"query-input\":{\"@type\":\"PropertyValueSpecification\",\"valueRequired\":true,\"valueName\":\"search_term_string\"}}],\"inLanguage\":\"fr-FR\"},{\"@type\":\"Organization\",\"@id\":\"https:\/\/aixaddacademy.com\/#organization\",\"name\":\"ADD ACADEMY BY YAMAKASI AIX-EN-PROVENCE\",\"url\":\"https:\/\/aixaddacademy.com\/\",\"logo\":{\"@type\":\"ImageObject\",\"inLanguage\":\"fr-FR\",\"@id\":\"https:\/\/aixaddacademy.com\/#\/schema\/logo\/image\/\",\"url\":\"https:\/\/aixaddacademy.com\/wp-content\/uploads\/2022\/09\/cropped-ADD-ACADEMY-LOGO-off-300-\u00d7-300-px-1.png\",\"contentUrl\":\"https:\/\/aixaddacademy.com\/wp-content\/uploads\/2022\/09\/cropped-ADD-ACADEMY-LOGO-off-300-\u00d7-300-px-1.png\",\"width\":227,\"height\":257,\"caption\":\"ADD ACADEMY BY YAMAKASI AIX-EN-PROVENCE\"},\"image\":{\"@id\":\"https:\/\/aixaddacademy.com\/#\/schema\/logo\/image\/\"}}]}<\/script>\n<!-- \/ Yoast SEO plugin. -->","yoast_head_json":{"title":"Documents \u00e0 t\u00e9l\u00e9charger - ADD ACADEMY BY YAMAKASI AIX-EN-PROVENCE","robots":{"index":"index","follow":"follow","max-snippet":"max-snippet:-1","max-image-preview":"max-image-preview:large","max-video-preview":"max-video-preview:-1"},"canonical":"https:\/\/aixaddacademy.com\/index.php\/documents-a-telecharger\/","og_locale":"fr_FR","og_type":"article","og_title":"Documents \u00e0 t\u00e9l\u00e9charger - ADD ACADEMY BY YAMAKASI AIX-EN-PROVENCE","og_description":"DOCUMENTS \u00c0 T\u00c9L\u00c9CHARGER ET REMPLIR La s\u00e9curit\u00e9 avant tout Si nos animateurs dipl\u00f4m\u00e9s ont les comp\u00e9tences pour assurer la s\u00e9curit\u00e9 des pratiques, nous recommandons n\u00e9anmoins \u00e0 nos adh\u00e9rents de prendre l\u2019avis de leur m\u00e9decin traitant ou de s\u2019assurer via le &hellip; Documents \u00e0 t\u00e9l\u00e9charger Read More &raquo;","og_url":"https:\/\/aixaddacademy.com\/index.php\/documents-a-telecharger\/","og_site_name":"ADD ACADEMY BY YAMAKASI AIX-EN-PROVENCE","article_modified_time":"2025-08-28T15:56:09+00:00","og_image":[{"width":1414,"height":2000,"url":"https:\/\/aixaddacademy.com\/wp-content\/uploads\/2023\/09\/AFFILIATION-FFSPT.png","type":"image\/png"}],"twitter_card":"summary_large_image","twitter_misc":{"Dur\u00e9e de lecture estim\u00e9e":"2 minutes"},"schema":{"@context":"https:\/\/schema.org","@graph":[{"@type":"WebPage","@id":"https:\/\/aixaddacademy.com\/index.php\/documents-a-telecharger\/","url":"https:\/\/aixaddacademy.com\/index.php\/documents-a-telecharger\/","name":"Documents \u00e0 t\u00e9l\u00e9charger - ADD ACADEMY BY YAMAKASI AIX-EN-PROVENCE","isPartOf":{"@id":"https:\/\/aixaddacademy.com\/#website"},"primaryImageOfPage":{"@id":"https:\/\/aixaddacademy.com\/index.php\/documents-a-telecharger\/#primaryimage"},"image":{"@id":"https:\/\/aixaddacademy.com\/index.php\/documents-a-telecharger\/#primaryimage"},"thumbnailUrl":"https:\/\/aixaddacademy.com\/wp-content\/uploads\/2023\/09\/AFFILIATION-FFSPT-300x424.png","datePublished":"2023-09-19T14:17:04+00:00","dateModified":"2025-08-28T15:56:09+00:00","breadcrumb":{"@id":"https:\/\/aixaddacademy.com\/index.php\/documents-a-telecharger\/#breadcrumb"},"inLanguage":"fr-FR","potentialAction":[{"@type":"ReadAction","target":["https:\/\/aixaddacademy.com\/index.php\/documents-a-telecharger\/"]}]},{"@type":"ImageObject","inLanguage":"fr-FR","@id":"https:\/\/aixaddacademy.com\/index.php\/documents-a-telecharger\/#primaryimage","url":"https:\/\/aixaddacademy.com\/wp-content\/uploads\/2023\/09\/AFFILIATION-FFSPT.png","contentUrl":"https:\/\/aixaddacademy.com\/wp-content\/uploads\/2023\/09\/AFFILIATION-FFSPT.png","width":1414,"height":2000},{"@type":"BreadcrumbList","@id":"https:\/\/aixaddacademy.com\/index.php\/documents-a-telecharger\/#breadcrumb","itemListElement":[{"@type":"ListItem","position":1,"name":"Accueil","item":"https:\/\/aixaddacademy.com\/"},{"@type":"ListItem","position":2,"name":"Documents \u00e0 t\u00e9l\u00e9charger"}]},{"@type":"WebSite","@id":"https:\/\/aixaddacademy.com\/#website","url":"https:\/\/aixaddacademy.com\/","name":"ADD ACADEMY BY YAMAKASI AIX-EN-PROVENCE","description":"L&#039;\u00e9cole des YAMAKASI en Provence","publisher":{"@id":"https:\/\/aixaddacademy.com\/#organization"},"potentialAction":[{"@type":"SearchAction","target":{"@type":"EntryPoint","urlTemplate":"https:\/\/aixaddacademy.com\/?s={search_term_string}"},"query-input":{"@type":"PropertyValueSpecification","valueRequired":true,"valueName":"search_term_string"}}],"inLanguage":"fr-FR"},{"@type":"Organization","@id":"https:\/\/aixaddacademy.com\/#organization","name":"ADD ACADEMY BY YAMAKASI AIX-EN-PROVENCE","url":"https:\/\/aixaddacademy.com\/","logo":{"@type":"ImageObject","inLanguage":"fr-FR","@id":"https:\/\/aixaddacademy.com\/#\/schema\/logo\/image\/","url":"https:\/\/aixaddacademy.com\/wp-content\/uploads\/2022\/09\/cropped-ADD-ACADEMY-LOGO-off-300-\u00d7-300-px-1.png","contentUrl":"https:\/\/aixaddacademy.com\/wp-content\/uploads\/2022\/09\/cropped-ADD-ACADEMY-LOGO-off-300-\u00d7-300-px-1.png","width":227,"height":257,"caption":"ADD ACADEMY BY YAMAKASI AIX-EN-PROVENCE"},"image":{"@id":"https:\/\/aixaddacademy.com\/#\/schema\/logo\/image\/"}}]}},"_links":{"self":[{"href":"https:\/\/aixaddacademy.com\/index.php\/wp-json\/wp\/v2\/pages\/741","targetHints":{"allow":["GET"]}}],"collection":[{"href":"https:\/\/aixaddacademy.com\/index.php\/wp-json\/wp\/v2\/pages"}],"about":[{"href":"https:\/\/aixaddacademy.com\/index.php\/wp-json\/wp\/v2\/types\/page"}],"author":[{"embeddable":true,"href":"https:\/\/aixaddacademy.com\/index.php\/wp-json\/wp\/v2\/users\/1"}],"replies":[{"embeddable":true,"href":"https:\/\/aixaddacademy.com\/index.php\/wp-json\/wp\/v2\/comments?post=741"}],"version-history":[{"count":66,"href":"https:\/\/aixaddacademy.com\/index.php\/wp-json\/wp\/v2\/pages\/741\/revisions"}],"predecessor-version":[{"id":1336,"href":"https:\/\/aixaddacademy.com\/index.php\/wp-json\/wp\/v2\/pages\/741\/revisions\/1336"}],"wp:attachment":[{"href":"https:\/\/aixaddacademy.com\/index.php\/wp-json\/wp\/v2\/media?parent=741"}],"curies":[{"name":"wp","href":"https:\/\/api.w.org\/{rel}","templated":true}]}}