{"id":717,"date":"2023-09-19T12:53:29","date_gmt":"2023-09-19T10:53:29","guid":{"rendered":"https:\/\/aixaddacademy.com\/?page_id=717"},"modified":"2023-09-19T13:14:31","modified_gmt":"2023-09-19T11:14:31","slug":"ladd-et-ses-bienfaits","status":"publish","type":"page","link":"https:\/\/aixaddacademy.com\/index.php\/ladd-et-ses-bienfaits\/","title":{"rendered":"L&rsquo;ADD pour tout le monde"},"content":{"rendered":"\t\t<div data-elementor-type=\"wp-page\" data-elementor-id=\"717\" class=\"elementor elementor-717\">\n\t\t\t\t\t\t<section class=\"elementor-section elementor-top-section elementor-element elementor-element-5f011acb elementor-section-boxed elementor-section-height-default elementor-section-height-default\" data-id=\"5f011acb\" data-element_type=\"section\">\n\t\t\t\t\t\t<div class=\"elementor-container elementor-column-gap-default\">\n\t\t\t\t\t<div class=\"elementor-column elementor-col-100 elementor-top-column elementor-element elementor-element-6537c305\" data-id=\"6537c305\" data-element_type=\"column\">\n\t\t\t<div class=\"elementor-widget-wrap elementor-element-populated\">\n\t\t\t\t\t\t<div class=\"elementor-element elementor-element-2a2ebd11 elementor-widget elementor-widget-text-editor\" data-id=\"2a2ebd11\" data-element_type=\"widget\" data-widget_type=\"text-editor.default\">\n\t\t\t\t<div class=\"elementor-widget-container\">\n\t\t\t\t\t\t\t\t\t\n<h2 class=\"wp-block-heading\">EN FONCTION DE VOTRE \u00c2GE ET DE VOTRE NIVEAU<\/h2>\n\n\n\n<figure class=\"wp-block-image size-large\"><img fetchpriority=\"high\" decoding=\"async\" width=\"724\" height=\"1024\" src=\"https:\/\/aixaddacademy.com\/wp-content\/uploads\/2023\/09\/ADD-SELON-LES-AGES-1-724x1024.png\" alt=\"\" class=\"wp-image-718\" srcset=\"https:\/\/aixaddacademy.com\/wp-content\/uploads\/2023\/09\/ADD-SELON-LES-AGES-1-724x1024.png 724w, https:\/\/aixaddacademy.com\/wp-content\/uploads\/2023\/09\/ADD-SELON-LES-AGES-1-212x300.png 212w, https:\/\/aixaddacademy.com\/wp-content\/uploads\/2023\/09\/ADD-SELON-LES-AGES-1-768x1086.png 768w, https:\/\/aixaddacademy.com\/wp-content\/uploads\/2023\/09\/ADD-SELON-LES-AGES-1-1086x1536.png 1086w, https:\/\/aixaddacademy.com\/wp-content\/uploads\/2023\/09\/ADD-SELON-LES-AGES-1-100x141.png 100w, https:\/\/aixaddacademy.com\/wp-content\/uploads\/2023\/09\/ADD-SELON-LES-AGES-1-150x212.png 150w, https:\/\/aixaddacademy.com\/wp-content\/uploads\/2023\/09\/ADD-SELON-LES-AGES-1-200x283.png 200w, https:\/\/aixaddacademy.com\/wp-content\/uploads\/2023\/09\/ADD-SELON-LES-AGES-1-300x424.png 300w, https:\/\/aixaddacademy.com\/wp-content\/uploads\/2023\/09\/ADD-SELON-LES-AGES-1-450x636.png 450w, https:\/\/aixaddacademy.com\/wp-content\/uploads\/2023\/09\/ADD-SELON-LES-AGES-1-600x849.png 600w, https:\/\/aixaddacademy.com\/wp-content\/uploads\/2023\/09\/ADD-SELON-LES-AGES-1-900x1273.png 900w, https:\/\/aixaddacademy.com\/wp-content\/uploads\/2023\/09\/ADD-SELON-LES-AGES-1.png 1414w\" sizes=\"(max-width: 724px) 100vw, 724px\" \/><\/figure>\n\t\t\t\t\t\t\t\t<\/div>\n\t\t\t\t<\/div>\n\t\t\t\t<div class=\"elementor-element elementor-element-1eda155 elementor-widget elementor-widget-text-editor\" data-id=\"1eda155\" data-element_type=\"widget\" data-widget_type=\"text-editor.default\">\n\t\t\t\t<div class=\"elementor-widget-container\">\n\t\t\t\t\t\t\t\t\t<p>Extrait de l&rsquo;ouvrage : <strong>L&rsquo;ART DU D\u00c9PLACEMENT<\/strong>, Au del\u00e0 du saut. Page 130\u00a0 <em><a href=\"https:\/\/www.instagram.com\/stanymonkey\/\">Stany Boulifard-Mallet\u00a0<\/a><\/em><\/p>\t\t\t\t\t\t\t\t<\/div>\n\t\t\t\t<\/div>\n\t\t\t\t<div class=\"elementor-element elementor-element-834f5c4 elementor-widget elementor-widget-image\" data-id=\"834f5c4\" data-element_type=\"widget\" data-widget_type=\"image.default\">\n\t\t\t\t<div class=\"elementor-widget-container\">\n\t\t\t\t\t\t\t\t\t\t\t\t\t\t\t<img decoding=\"async\" width=\"300\" height=\"457\" src=\"https:\/\/aixaddacademy.com\/wp-content\/uploads\/2023\/09\/Sujet-300x457.png\" class=\"attachment-responsive-300 size-responsive-300 wp-image-721\" alt=\"\" srcset=\"https:\/\/aixaddacademy.com\/wp-content\/uploads\/2023\/09\/Sujet-300x457.png 300w, https:\/\/aixaddacademy.com\/wp-content\/uploads\/2023\/09\/Sujet-197x300.png 197w, https:\/\/aixaddacademy.com\/wp-content\/uploads\/2023\/09\/Sujet-672x1024.png 672w, https:\/\/aixaddacademy.com\/wp-content\/uploads\/2023\/09\/Sujet-768x1171.png 768w, https:\/\/aixaddacademy.com\/wp-content\/uploads\/2023\/09\/Sujet-1008x1536.png 1008w, https:\/\/aixaddacademy.com\/wp-content\/uploads\/2023\/09\/Sujet-1343x2048.png 1343w, https:\/\/aixaddacademy.com\/wp-content\/uploads\/2023\/09\/Sujet-100x152.png 100w, https:\/\/aixaddacademy.com\/wp-content\/uploads\/2023\/09\/Sujet-150x229.png 150w, https:\/\/aixaddacademy.com\/wp-content\/uploads\/2023\/09\/Sujet-200x305.png 200w, https:\/\/aixaddacademy.com\/wp-content\/uploads\/2023\/09\/Sujet-450x686.png 450w, https:\/\/aixaddacademy.com\/wp-content\/uploads\/2023\/09\/Sujet-600x915.png 600w, https:\/\/aixaddacademy.com\/wp-content\/uploads\/2023\/09\/Sujet-900x1372.png 900w, https:\/\/aixaddacademy.com\/wp-content\/uploads\/2023\/09\/Sujet.png 1653w\" sizes=\"(max-width: 300px) 100vw, 300px\" \/>\t\t\t\t\t\t\t\t\t\t\t\t\t\t\t<\/div>\n\t\t\t\t<\/div>\n\t\t\t\t\t<\/div>\n\t\t<\/div>\n\t\t\t\t\t<\/div>\n\t\t<\/section>\n\t\t\t\t<\/div>\n\t\t","protected":false},"excerpt":{"rendered":"<p>EN FONCTION DE VOTRE \u00c2GE ET DE VOTRE NIVEAU Extrait de l&rsquo;ouvrage : L&rsquo;ART DU D\u00c9PLACEMENT, Au del\u00e0 du saut. Page 130\u00a0 Stany Boulifard-Mallet\u00a0<\/p>\n","protected":false},"author":1,"featured_media":0,"parent":0,"menu_order":0,"comment_status":"closed","ping_status":"closed","template":"","meta":{"_monsterinsights_skip_tracking":false,"_monsterinsights_sitenote_active":false,"_monsterinsights_sitenote_note":"","_monsterinsights_sitenote_category":0,"footnotes":""},"class_list":["post-717","page","type-page","status-publish","hentry"],"yoast_head":"<!-- This site is optimized with the Yoast SEO plugin v25.9 - https:\/\/yoast.com\/wordpress\/plugins\/seo\/ -->\n<title>L&#039;ADD pour tout le monde - ADD ACADEMY BY YAMAKASI AIX-EN-PROVENCE<\/title>\n<meta name=\"robots\" content=\"index, follow, max-snippet:-1, max-image-preview:large, max-video-preview:-1\" \/>\n<link rel=\"canonical\" href=\"https:\/\/aixaddacademy.com\/index.php\/ladd-et-ses-bienfaits\/\" \/>\n<meta property=\"og:locale\" content=\"fr_FR\" \/>\n<meta property=\"og:type\" content=\"article\" \/>\n<meta property=\"og:title\" content=\"L&#039;ADD pour tout le monde - ADD ACADEMY BY YAMAKASI AIX-EN-PROVENCE\" \/>\n<meta property=\"og:description\" content=\"EN FONCTION DE VOTRE \u00c2GE ET DE VOTRE NIVEAU Extrait de l&rsquo;ouvrage : L&rsquo;ART DU D\u00c9PLACEMENT, Au del\u00e0 du saut. Page 130\u00a0 Stany Boulifard-Mallet\u00a0\" \/>\n<meta property=\"og:url\" content=\"https:\/\/aixaddacademy.com\/index.php\/ladd-et-ses-bienfaits\/\" \/>\n<meta property=\"og:site_name\" content=\"ADD ACADEMY BY YAMAKASI AIX-EN-PROVENCE\" \/>\n<meta property=\"article:modified_time\" content=\"2023-09-19T11:14:31+00:00\" \/>\n<meta property=\"og:image\" content=\"https:\/\/aixaddacademy.com\/wp-content\/uploads\/2023\/09\/ADD-SELON-LES-AGES-1-724x1024.png\" \/>\n<meta name=\"twitter:card\" content=\"summary_large_image\" \/>\n<script type=\"application\/ld+json\" class=\"yoast-schema-graph\">{\"@context\":\"https:\/\/schema.org\",\"@graph\":[{\"@type\":\"WebPage\",\"@id\":\"https:\/\/aixaddacademy.com\/index.php\/ladd-et-ses-bienfaits\/\",\"url\":\"https:\/\/aixaddacademy.com\/index.php\/ladd-et-ses-bienfaits\/\",\"name\":\"L'ADD pour tout le monde - ADD ACADEMY BY YAMAKASI AIX-EN-PROVENCE\",\"isPartOf\":{\"@id\":\"https:\/\/aixaddacademy.com\/#website\"},\"primaryImageOfPage\":{\"@id\":\"https:\/\/aixaddacademy.com\/index.php\/ladd-et-ses-bienfaits\/#primaryimage\"},\"image\":{\"@id\":\"https:\/\/aixaddacademy.com\/index.php\/ladd-et-ses-bienfaits\/#primaryimage\"},\"thumbnailUrl\":\"https:\/\/aixaddacademy.com\/wp-content\/uploads\/2023\/09\/ADD-SELON-LES-AGES-1-724x1024.png\",\"datePublished\":\"2023-09-19T10:53:29+00:00\",\"dateModified\":\"2023-09-19T11:14:31+00:00\",\"breadcrumb\":{\"@id\":\"https:\/\/aixaddacademy.com\/index.php\/ladd-et-ses-bienfaits\/#breadcrumb\"},\"inLanguage\":\"fr-FR\",\"potentialAction\":[{\"@type\":\"ReadAction\",\"target\":[\"https:\/\/aixaddacademy.com\/index.php\/ladd-et-ses-bienfaits\/\"]}]},{\"@type\":\"ImageObject\",\"inLanguage\":\"fr-FR\",\"@id\":\"https:\/\/aixaddacademy.com\/index.php\/ladd-et-ses-bienfaits\/#primaryimage\",\"url\":\"https:\/\/aixaddacademy.com\/wp-content\/uploads\/2023\/09\/ADD-SELON-LES-AGES-1.png\",\"contentUrl\":\"https:\/\/aixaddacademy.com\/wp-content\/uploads\/2023\/09\/ADD-SELON-LES-AGES-1.png\",\"width\":1414,\"height\":2000},{\"@type\":\"BreadcrumbList\",\"@id\":\"https:\/\/aixaddacademy.com\/index.php\/ladd-et-ses-bienfaits\/#breadcrumb\",\"itemListElement\":[{\"@type\":\"ListItem\",\"position\":1,\"name\":\"Accueil\",\"item\":\"https:\/\/aixaddacademy.com\/\"},{\"@type\":\"ListItem\",\"position\":2,\"name\":\"L&rsquo;ADD pour tout le monde\"}]},{\"@type\":\"WebSite\",\"@id\":\"https:\/\/aixaddacademy.com\/#website\",\"url\":\"https:\/\/aixaddacademy.com\/\",\"name\":\"ADD ACADEMY BY YAMAKASI AIX-EN-PROVENCE\",\"description\":\"L&#039;\u00e9cole des YAMAKASI en Provence\",\"publisher\":{\"@id\":\"https:\/\/aixaddacademy.com\/#organization\"},\"potentialAction\":[{\"@type\":\"SearchAction\",\"target\":{\"@type\":\"EntryPoint\",\"urlTemplate\":\"https:\/\/aixaddacademy.com\/?s={search_term_string}\"},\"query-input\":{\"@type\":\"PropertyValueSpecification\",\"valueRequired\":true,\"valueName\":\"search_term_string\"}}],\"inLanguage\":\"fr-FR\"},{\"@type\":\"Organization\",\"@id\":\"https:\/\/aixaddacademy.com\/#organization\",\"name\":\"ADD ACADEMY BY YAMAKASI AIX-EN-PROVENCE\",\"url\":\"https:\/\/aixaddacademy.com\/\",\"logo\":{\"@type\":\"ImageObject\",\"inLanguage\":\"fr-FR\",\"@id\":\"https:\/\/aixaddacademy.com\/#\/schema\/logo\/image\/\",\"url\":\"https:\/\/aixaddacademy.com\/wp-content\/uploads\/2022\/09\/cropped-ADD-ACADEMY-LOGO-off-300-\u00d7-300-px-1.png\",\"contentUrl\":\"https:\/\/aixaddacademy.com\/wp-content\/uploads\/2022\/09\/cropped-ADD-ACADEMY-LOGO-off-300-\u00d7-300-px-1.png\",\"width\":227,\"height\":257,\"caption\":\"ADD ACADEMY BY YAMAKASI AIX-EN-PROVENCE\"},\"image\":{\"@id\":\"https:\/\/aixaddacademy.com\/#\/schema\/logo\/image\/\"}}]}<\/script>\n<!-- \/ Yoast SEO plugin. -->","yoast_head_json":{"title":"L'ADD pour tout le monde - ADD ACADEMY BY YAMAKASI AIX-EN-PROVENCE","robots":{"index":"index","follow":"follow","max-snippet":"max-snippet:-1","max-image-preview":"max-image-preview:large","max-video-preview":"max-video-preview:-1"},"canonical":"https:\/\/aixaddacademy.com\/index.php\/ladd-et-ses-bienfaits\/","og_locale":"fr_FR","og_type":"article","og_title":"L'ADD pour tout le monde - ADD ACADEMY BY YAMAKASI AIX-EN-PROVENCE","og_description":"EN FONCTION DE VOTRE \u00c2GE ET DE VOTRE NIVEAU Extrait de l&rsquo;ouvrage : L&rsquo;ART DU D\u00c9PLACEMENT, Au del\u00e0 du saut. Page 130\u00a0 Stany Boulifard-Mallet\u00a0","og_url":"https:\/\/aixaddacademy.com\/index.php\/ladd-et-ses-bienfaits\/","og_site_name":"ADD ACADEMY BY YAMAKASI AIX-EN-PROVENCE","article_modified_time":"2023-09-19T11:14:31+00:00","og_image":[{"url":"https:\/\/aixaddacademy.com\/wp-content\/uploads\/2023\/09\/ADD-SELON-LES-AGES-1-724x1024.png","type":"","width":"","height":""}],"twitter_card":"summary_large_image","schema":{"@context":"https:\/\/schema.org","@graph":[{"@type":"WebPage","@id":"https:\/\/aixaddacademy.com\/index.php\/ladd-et-ses-bienfaits\/","url":"https:\/\/aixaddacademy.com\/index.php\/ladd-et-ses-bienfaits\/","name":"L'ADD pour tout le monde - ADD ACADEMY BY YAMAKASI AIX-EN-PROVENCE","isPartOf":{"@id":"https:\/\/aixaddacademy.com\/#website"},"primaryImageOfPage":{"@id":"https:\/\/aixaddacademy.com\/index.php\/ladd-et-ses-bienfaits\/#primaryimage"},"image":{"@id":"https:\/\/aixaddacademy.com\/index.php\/ladd-et-ses-bienfaits\/#primaryimage"},"thumbnailUrl":"https:\/\/aixaddacademy.com\/wp-content\/uploads\/2023\/09\/ADD-SELON-LES-AGES-1-724x1024.png","datePublished":"2023-09-19T10:53:29+00:00","dateModified":"2023-09-19T11:14:31+00:00","breadcrumb":{"@id":"https:\/\/aixaddacademy.com\/index.php\/ladd-et-ses-bienfaits\/#breadcrumb"},"inLanguage":"fr-FR","potentialAction":[{"@type":"ReadAction","target":["https:\/\/aixaddacademy.com\/index.php\/ladd-et-ses-bienfaits\/"]}]},{"@type":"ImageObject","inLanguage":"fr-FR","@id":"https:\/\/aixaddacademy.com\/index.php\/ladd-et-ses-bienfaits\/#primaryimage","url":"https:\/\/aixaddacademy.com\/wp-content\/uploads\/2023\/09\/ADD-SELON-LES-AGES-1.png","contentUrl":"https:\/\/aixaddacademy.com\/wp-content\/uploads\/2023\/09\/ADD-SELON-LES-AGES-1.png","width":1414,"height":2000},{"@type":"BreadcrumbList","@id":"https:\/\/aixaddacademy.com\/index.php\/ladd-et-ses-bienfaits\/#breadcrumb","itemListElement":[{"@type":"ListItem","position":1,"name":"Accueil","item":"https:\/\/aixaddacademy.com\/"},{"@type":"ListItem","position":2,"name":"L&rsquo;ADD pour tout le monde"}]},{"@type":"WebSite","@id":"https:\/\/aixaddacademy.com\/#website","url":"https:\/\/aixaddacademy.com\/","name":"ADD ACADEMY BY YAMAKASI AIX-EN-PROVENCE","description":"L&#039;\u00e9cole des YAMAKASI en Provence","publisher":{"@id":"https:\/\/aixaddacademy.com\/#organization"},"potentialAction":[{"@type":"SearchAction","target":{"@type":"EntryPoint","urlTemplate":"https:\/\/aixaddacademy.com\/?s={search_term_string}"},"query-input":{"@type":"PropertyValueSpecification","valueRequired":true,"valueName":"search_term_string"}}],"inLanguage":"fr-FR"},{"@type":"Organization","@id":"https:\/\/aixaddacademy.com\/#organization","name":"ADD ACADEMY BY YAMAKASI AIX-EN-PROVENCE","url":"https:\/\/aixaddacademy.com\/","logo":{"@type":"ImageObject","inLanguage":"fr-FR","@id":"https:\/\/aixaddacademy.com\/#\/schema\/logo\/image\/","url":"https:\/\/aixaddacademy.com\/wp-content\/uploads\/2022\/09\/cropped-ADD-ACADEMY-LOGO-off-300-\u00d7-300-px-1.png","contentUrl":"https:\/\/aixaddacademy.com\/wp-content\/uploads\/2022\/09\/cropped-ADD-ACADEMY-LOGO-off-300-\u00d7-300-px-1.png","width":227,"height":257,"caption":"ADD ACADEMY BY YAMAKASI AIX-EN-PROVENCE"},"image":{"@id":"https:\/\/aixaddacademy.com\/#\/schema\/logo\/image\/"}}]}},"_links":{"self":[{"href":"https:\/\/aixaddacademy.com\/index.php\/wp-json\/wp\/v2\/pages\/717","targetHints":{"allow":["GET"]}}],"collection":[{"href":"https:\/\/aixaddacademy.com\/index.php\/wp-json\/wp\/v2\/pages"}],"about":[{"href":"https:\/\/aixaddacademy.com\/index.php\/wp-json\/wp\/v2\/types\/page"}],"author":[{"embeddable":true,"href":"https:\/\/aixaddacademy.com\/index.php\/wp-json\/wp\/v2\/users\/1"}],"replies":[{"embeddable":true,"href":"https:\/\/aixaddacademy.com\/index.php\/wp-json\/wp\/v2\/comments?post=717"}],"version-history":[{"count":5,"href":"https:\/\/aixaddacademy.com\/index.php\/wp-json\/wp\/v2\/pages\/717\/revisions"}],"predecessor-version":[{"id":726,"href":"https:\/\/aixaddacademy.com\/index.php\/wp-json\/wp\/v2\/pages\/717\/revisions\/726"}],"wp:attachment":[{"href":"https:\/\/aixaddacademy.com\/index.php\/wp-json\/wp\/v2\/media?parent=717"}],"curies":[{"name":"wp","href":"https:\/\/api.w.org\/{rel}","templated":true}]}}