{"id":527,"date":"2023-09-09T15:33:01","date_gmt":"2023-09-09T13:33:01","guid":{"rendered":"https:\/\/aixaddacademy.com\/?page_id=527"},"modified":"2023-12-05T22:16:44","modified_gmt":"2023-12-05T21:16:44","slug":"lenseignant-principal","status":"publish","type":"page","link":"https:\/\/aixaddacademy.com\/index.php\/lenseignant-principal\/","title":{"rendered":"L&rsquo;enseignant principal"},"content":{"rendered":"<p>L&rsquo;enseignant principal de notre acad\u00e9mie d&rsquo;Art du D\u00e9placement est une figure \u00e9minente dans le domaine, apportant une richesse d&rsquo;exp\u00e9rience et de connaissances inestimable.<\/p>\n<p>Fort de plus de dix ans de pratique d\u00e9di\u00e9e \u00e0 l&rsquo;Art du D\u00e9placement, ainsi que de plus de cinq ans d&rsquo;exp\u00e9rience dans l&rsquo;enseignement de cette discipline, il incarne l&rsquo;excellence dans l&rsquo;art de ma\u00eetriser le mouvement.<\/p>\n<p>Mais son expertise ne s&rsquo;arr\u00eate pas l\u00e0. Il est \u00e9galement un professeur de yoga certifi\u00e9, d\u00e9tenteur d&rsquo;une carte professionnelle, ce qui atteste de son engagement envers une approche holistique du bien-\u00eatre physique et mental.<\/p>\n<p>Sa compr\u00e9hension approfondie du yoga compl\u00e8te parfaitement la philosophie de l&rsquo;Art du D\u00e9placement, favorisant ainsi une approche \u00e9quilibr\u00e9e de la sant\u00e9 et de la performance.<\/p>\n<p>Ce professionnel de renom jouit de la confiance des fondateurs de notre acad\u00e9mie, qui reconnaissent en lui non seulement un expert de premier plan dans son domaine, mais aussi un mentor d\u00e9vou\u00e9 et inspirant pour les \u00e9l\u00e8ves. Son r\u00f4le ne se limite pas \u00e0 l&rsquo;enseignement des comp\u00e9tences physiques, mais s&rsquo;\u00e9tend \u00e9galement \u00e0 l&rsquo;encouragement du d\u00e9veloppement personnel, de la discipline et de la confiance en soi chez ses \u00e9tudiants.<\/p>\n<p>Avec un enseignant principal d&rsquo;une telle envergure, notre acad\u00e9mie d&rsquo;Art du D\u00e9placement s&rsquo;engage \u00e0 offrir une exp\u00e9rience d&rsquo;apprentissage exceptionnelle, o\u00f9 les \u00e9l\u00e8ves peuvent puiser dans la profondeur de la tradition tout en embrassant l&rsquo;innovation dans le mouvement. La passion, la comp\u00e9tence et la confiance de notre enseignant principal sont au c\u0153ur de notre mission de cultiver l&rsquo;excellence dans l&rsquo;Art du D\u00e9placement et le bien-\u00eatre global de nos \u00e9tudiants.<\/p>\n<p><img decoding=\"async\" src=\"https:\/\/aixaddacademy.com\/wp-content\/uploads\/2023\/09\/CARTE-PRO-150x96.jpeg\" sizes=\"(max-width: 150px) 100vw, 150px\" srcset=\"https:\/\/aixaddacademy.com\/wp-content\/uploads\/2023\/09\/CARTE-PRO-150x96.jpeg 150w, https:\/\/aixaddacademy.com\/wp-content\/uploads\/2023\/09\/CARTE-PRO-300x191.jpeg 300w, https:\/\/aixaddacademy.com\/wp-content\/uploads\/2023\/09\/CARTE-PRO-1024x653.jpeg 1024w, https:\/\/aixaddacademy.com\/wp-content\/uploads\/2023\/09\/CARTE-PRO-768x490.jpeg 768w, https:\/\/aixaddacademy.com\/wp-content\/uploads\/2023\/09\/CARTE-PRO-1536x980.jpeg 1536w, https:\/\/aixaddacademy.com\/wp-content\/uploads\/2023\/09\/CARTE-PRO-2048x1307.jpeg 2048w, https:\/\/aixaddacademy.com\/wp-content\/uploads\/2023\/09\/CARTE-PRO-100x64.jpeg 100w, https:\/\/aixaddacademy.com\/wp-content\/uploads\/2023\/09\/CARTE-PRO-200x128.jpeg 200w, https:\/\/aixaddacademy.com\/wp-content\/uploads\/2023\/09\/CARTE-PRO-450x287.jpeg 450w, https:\/\/aixaddacademy.com\/wp-content\/uploads\/2023\/09\/CARTE-PRO-600x383.jpeg 600w, https:\/\/aixaddacademy.com\/wp-content\/uploads\/2023\/09\/CARTE-PRO-900x574.jpeg 900w\" alt=\"\" width=\"150\" height=\"96\" \/> En savoir plus sur <a href=\"https:\/\/pascalyogayur.fr\/a-propos\/\">Pascal\u00a0 <\/a><a href=\"https:\/\/pascalyogayur.fr\/a-propos\/\">CLIQUER ICI<\/a><br \/>\n<img fetchpriority=\"high\" decoding=\"async\" src=\"https:\/\/aixaddacademy.com\/wp-content\/uploads\/2023\/09\/CONSTITUTION-AYURVEDIQUE-BANDEAU-4.png\" sizes=\"(max-width: 1584px) 100vw, 1584px\" srcset=\"https:\/\/aixaddacademy.com\/wp-content\/uploads\/2023\/09\/CONSTITUTION-AYURVEDIQUE-BANDEAU-4.png 1584w, https:\/\/aixaddacademy.com\/wp-content\/uploads\/2023\/09\/CONSTITUTION-AYURVEDIQUE-BANDEAU-4-300x75.png 300w, https:\/\/aixaddacademy.com\/wp-content\/uploads\/2023\/09\/CONSTITUTION-AYURVEDIQUE-BANDEAU-4-1024x256.png 1024w, https:\/\/aixaddacademy.com\/wp-content\/uploads\/2023\/09\/CONSTITUTION-AYURVEDIQUE-BANDEAU-4-768x192.png 768w, https:\/\/aixaddacademy.com\/wp-content\/uploads\/2023\/09\/CONSTITUTION-AYURVEDIQUE-BANDEAU-4-1536x384.png 1536w, https:\/\/aixaddacademy.com\/wp-content\/uploads\/2023\/09\/CONSTITUTION-AYURVEDIQUE-BANDEAU-4-100x25.png 100w, https:\/\/aixaddacademy.com\/wp-content\/uploads\/2023\/09\/CONSTITUTION-AYURVEDIQUE-BANDEAU-4-150x38.png 150w, https:\/\/aixaddacademy.com\/wp-content\/uploads\/2023\/09\/CONSTITUTION-AYURVEDIQUE-BANDEAU-4-200x50.png 200w, https:\/\/aixaddacademy.com\/wp-content\/uploads\/2023\/09\/CONSTITUTION-AYURVEDIQUE-BANDEAU-4-450x113.png 450w, https:\/\/aixaddacademy.com\/wp-content\/uploads\/2023\/09\/CONSTITUTION-AYURVEDIQUE-BANDEAU-4-600x150.png 600w, https:\/\/aixaddacademy.com\/wp-content\/uploads\/2023\/09\/CONSTITUTION-AYURVEDIQUE-BANDEAU-4-900x225.png 900w\" alt=\"\" width=\"1584\" height=\"396\" \/><br \/>\n<img decoding=\"async\" src=\"https:\/\/aixaddacademy.com\/wp-content\/uploads\/2023\/09\/Capture-decran-2023-09-20-a-13.03.14.png\" sizes=\"(max-width: 3430px) 100vw, 3430px\" srcset=\"https:\/\/aixaddacademy.com\/wp-content\/uploads\/2023\/09\/Capture-decran-2023-09-20-a-13.03.14.png 3430w, https:\/\/aixaddacademy.com\/wp-content\/uploads\/2023\/09\/Capture-decran-2023-09-20-a-13.03.14-300x188.png 300w, https:\/\/aixaddacademy.com\/wp-content\/uploads\/2023\/09\/Capture-decran-2023-09-20-a-13.03.14-1024x641.png 1024w, https:\/\/aixaddacademy.com\/wp-content\/uploads\/2023\/09\/Capture-decran-2023-09-20-a-13.03.14-768x481.png 768w, https:\/\/aixaddacademy.com\/wp-content\/uploads\/2023\/09\/Capture-decran-2023-09-20-a-13.03.14-1536x962.png 1536w, https:\/\/aixaddacademy.com\/wp-content\/uploads\/2023\/09\/Capture-decran-2023-09-20-a-13.03.14-2048x1283.png 2048w, https:\/\/aixaddacademy.com\/wp-content\/uploads\/2023\/09\/Capture-decran-2023-09-20-a-13.03.14-100x63.png 100w, https:\/\/aixaddacademy.com\/wp-content\/uploads\/2023\/09\/Capture-decran-2023-09-20-a-13.03.14-150x94.png 150w, https:\/\/aixaddacademy.com\/wp-content\/uploads\/2023\/09\/Capture-decran-2023-09-20-a-13.03.14-200x125.png 200w, https:\/\/aixaddacademy.com\/wp-content\/uploads\/2023\/09\/Capture-decran-2023-09-20-a-13.03.14-450x282.png 450w, https:\/\/aixaddacademy.com\/wp-content\/uploads\/2023\/09\/Capture-decran-2023-09-20-a-13.03.14-600x376.png 600w, https:\/\/aixaddacademy.com\/wp-content\/uploads\/2023\/09\/Capture-decran-2023-09-20-a-13.03.14-900x564.png 900w\" alt=\"\" width=\"3430\" height=\"2148\" \/><\/p>\n<p><em>Yann Hnautra<\/em>, Fondateur YAMAKASI &amp; ADD Academy<\/p>\n<p><em style=\"font-size: 16px; color: var( --e-global-color-text ); text-transform: inherit;\">Pascal Fasika<\/em>, coach et cadre technique ADD Academy Aix-en-Provence<\/p>\n<p>Credit photo :\u00a0<em><a tabindex=\"0\" role=\"link\" href=\"https:\/\/www.facebook.com\/amos.itee?__tn__=-UC*F\">Cyril Amos Itee<\/a><\/em><\/p>\n","protected":false},"excerpt":{"rendered":"<p>L&rsquo;enseignant principal de notre acad\u00e9mie d&rsquo;Art du D\u00e9placement est une figure \u00e9minente dans le domaine, apportant une richesse d&rsquo;exp\u00e9rience et de connaissances inestimable. Fort de plus de dix ans de pratique d\u00e9di\u00e9e \u00e0 l&rsquo;Art du D\u00e9placement, ainsi que de plus &hellip;<\/p>\n<p class=\"read-more\"> <a class=\"more-link\" href=\"https:\/\/aixaddacademy.com\/index.php\/lenseignant-principal\/\"> <span class=\"screen-reader-text\">L&rsquo;enseignant principal<\/span> Read More &raquo;<\/a><\/p>\n","protected":false},"author":1,"featured_media":0,"parent":0,"menu_order":0,"comment_status":"closed","ping_status":"closed","template":"","meta":{"_monsterinsights_skip_tracking":false,"_monsterinsights_sitenote_active":false,"_monsterinsights_sitenote_note":"","_monsterinsights_sitenote_category":0,"footnotes":""},"class_list":["post-527","page","type-page","status-publish","hentry"],"yoast_head":"<!-- This site is optimized with the Yoast SEO plugin v25.9 - https:\/\/yoast.com\/wordpress\/plugins\/seo\/ -->\n<title>L&#039;enseignant principal - ADD ACADEMY BY YAMAKASI AIX-EN-PROVENCE<\/title>\n<meta name=\"robots\" content=\"index, follow, max-snippet:-1, max-image-preview:large, max-video-preview:-1\" \/>\n<link rel=\"canonical\" href=\"https:\/\/aixaddacademy.com\/index.php\/lenseignant-principal\/\" \/>\n<meta property=\"og:locale\" content=\"fr_FR\" \/>\n<meta property=\"og:type\" content=\"article\" \/>\n<meta property=\"og:title\" content=\"L&#039;enseignant principal - ADD ACADEMY BY YAMAKASI AIX-EN-PROVENCE\" \/>\n<meta property=\"og:description\" content=\"L&rsquo;enseignant principal de notre acad\u00e9mie d&rsquo;Art du D\u00e9placement est une figure \u00e9minente dans le domaine, apportant une richesse d&rsquo;exp\u00e9rience et de connaissances inestimable. Fort de plus de dix ans de pratique d\u00e9di\u00e9e \u00e0 l&rsquo;Art du D\u00e9placement, ainsi que de plus &hellip; L&rsquo;enseignant principal Read More &raquo;\" \/>\n<meta property=\"og:url\" content=\"https:\/\/aixaddacademy.com\/index.php\/lenseignant-principal\/\" \/>\n<meta property=\"og:site_name\" content=\"ADD ACADEMY BY YAMAKASI AIX-EN-PROVENCE\" \/>\n<meta property=\"article:modified_time\" content=\"2023-12-05T21:16:44+00:00\" \/>\n<meta property=\"og:image\" content=\"https:\/\/aixaddacademy.com\/wp-content\/uploads\/2023\/09\/CARTE-PRO-150x96.jpeg\" \/>\n<meta name=\"twitter:card\" content=\"summary_large_image\" \/>\n<meta name=\"twitter:label1\" content=\"Dur\u00e9e de lecture estim\u00e9e\" \/>\n\t<meta name=\"twitter:data1\" content=\"3 minutes\" \/>\n<script type=\"application\/ld+json\" class=\"yoast-schema-graph\">{\"@context\":\"https:\/\/schema.org\",\"@graph\":[{\"@type\":\"WebPage\",\"@id\":\"https:\/\/aixaddacademy.com\/index.php\/lenseignant-principal\/\",\"url\":\"https:\/\/aixaddacademy.com\/index.php\/lenseignant-principal\/\",\"name\":\"L'enseignant principal - ADD ACADEMY BY YAMAKASI AIX-EN-PROVENCE\",\"isPartOf\":{\"@id\":\"https:\/\/aixaddacademy.com\/#website\"},\"primaryImageOfPage\":{\"@id\":\"https:\/\/aixaddacademy.com\/index.php\/lenseignant-principal\/#primaryimage\"},\"image\":{\"@id\":\"https:\/\/aixaddacademy.com\/index.php\/lenseignant-principal\/#primaryimage\"},\"thumbnailUrl\":\"https:\/\/aixaddacademy.com\/wp-content\/uploads\/2023\/09\/CARTE-PRO-150x96.jpeg\",\"datePublished\":\"2023-09-09T13:33:01+00:00\",\"dateModified\":\"2023-12-05T21:16:44+00:00\",\"breadcrumb\":{\"@id\":\"https:\/\/aixaddacademy.com\/index.php\/lenseignant-principal\/#breadcrumb\"},\"inLanguage\":\"fr-FR\",\"potentialAction\":[{\"@type\":\"ReadAction\",\"target\":[\"https:\/\/aixaddacademy.com\/index.php\/lenseignant-principal\/\"]}]},{\"@type\":\"ImageObject\",\"inLanguage\":\"fr-FR\",\"@id\":\"https:\/\/aixaddacademy.com\/index.php\/lenseignant-principal\/#primaryimage\",\"url\":\"https:\/\/aixaddacademy.com\/wp-content\/uploads\/2023\/09\/CARTE-PRO-150x96.jpeg\",\"contentUrl\":\"https:\/\/aixaddacademy.com\/wp-content\/uploads\/2023\/09\/CARTE-PRO-150x96.jpeg\"},{\"@type\":\"BreadcrumbList\",\"@id\":\"https:\/\/aixaddacademy.com\/index.php\/lenseignant-principal\/#breadcrumb\",\"itemListElement\":[{\"@type\":\"ListItem\",\"position\":1,\"name\":\"Accueil\",\"item\":\"https:\/\/aixaddacademy.com\/\"},{\"@type\":\"ListItem\",\"position\":2,\"name\":\"L&rsquo;enseignant principal\"}]},{\"@type\":\"WebSite\",\"@id\":\"https:\/\/aixaddacademy.com\/#website\",\"url\":\"https:\/\/aixaddacademy.com\/\",\"name\":\"ADD ACADEMY BY YAMAKASI AIX-EN-PROVENCE\",\"description\":\"L&#039;\u00e9cole des YAMAKASI en Provence\",\"publisher\":{\"@id\":\"https:\/\/aixaddacademy.com\/#organization\"},\"potentialAction\":[{\"@type\":\"SearchAction\",\"target\":{\"@type\":\"EntryPoint\",\"urlTemplate\":\"https:\/\/aixaddacademy.com\/?s={search_term_string}\"},\"query-input\":{\"@type\":\"PropertyValueSpecification\",\"valueRequired\":true,\"valueName\":\"search_term_string\"}}],\"inLanguage\":\"fr-FR\"},{\"@type\":\"Organization\",\"@id\":\"https:\/\/aixaddacademy.com\/#organization\",\"name\":\"ADD ACADEMY BY YAMAKASI AIX-EN-PROVENCE\",\"url\":\"https:\/\/aixaddacademy.com\/\",\"logo\":{\"@type\":\"ImageObject\",\"inLanguage\":\"fr-FR\",\"@id\":\"https:\/\/aixaddacademy.com\/#\/schema\/logo\/image\/\",\"url\":\"https:\/\/aixaddacademy.com\/wp-content\/uploads\/2022\/09\/cropped-ADD-ACADEMY-LOGO-off-300-\u00d7-300-px-1.png\",\"contentUrl\":\"https:\/\/aixaddacademy.com\/wp-content\/uploads\/2022\/09\/cropped-ADD-ACADEMY-LOGO-off-300-\u00d7-300-px-1.png\",\"width\":227,\"height\":257,\"caption\":\"ADD ACADEMY BY YAMAKASI AIX-EN-PROVENCE\"},\"image\":{\"@id\":\"https:\/\/aixaddacademy.com\/#\/schema\/logo\/image\/\"}}]}<\/script>\n<!-- \/ Yoast SEO plugin. -->","yoast_head_json":{"title":"L'enseignant principal - ADD ACADEMY BY YAMAKASI AIX-EN-PROVENCE","robots":{"index":"index","follow":"follow","max-snippet":"max-snippet:-1","max-image-preview":"max-image-preview:large","max-video-preview":"max-video-preview:-1"},"canonical":"https:\/\/aixaddacademy.com\/index.php\/lenseignant-principal\/","og_locale":"fr_FR","og_type":"article","og_title":"L'enseignant principal - ADD ACADEMY BY YAMAKASI AIX-EN-PROVENCE","og_description":"L&rsquo;enseignant principal de notre acad\u00e9mie d&rsquo;Art du D\u00e9placement est une figure \u00e9minente dans le domaine, apportant une richesse d&rsquo;exp\u00e9rience et de connaissances inestimable. Fort de plus de dix ans de pratique d\u00e9di\u00e9e \u00e0 l&rsquo;Art du D\u00e9placement, ainsi que de plus &hellip; L&rsquo;enseignant principal Read More &raquo;","og_url":"https:\/\/aixaddacademy.com\/index.php\/lenseignant-principal\/","og_site_name":"ADD ACADEMY BY YAMAKASI AIX-EN-PROVENCE","article_modified_time":"2023-12-05T21:16:44+00:00","og_image":[{"url":"https:\/\/aixaddacademy.com\/wp-content\/uploads\/2023\/09\/CARTE-PRO-150x96.jpeg","type":"","width":"","height":""}],"twitter_card":"summary_large_image","twitter_misc":{"Dur\u00e9e de lecture estim\u00e9e":"3 minutes"},"schema":{"@context":"https:\/\/schema.org","@graph":[{"@type":"WebPage","@id":"https:\/\/aixaddacademy.com\/index.php\/lenseignant-principal\/","url":"https:\/\/aixaddacademy.com\/index.php\/lenseignant-principal\/","name":"L'enseignant principal - ADD ACADEMY BY YAMAKASI AIX-EN-PROVENCE","isPartOf":{"@id":"https:\/\/aixaddacademy.com\/#website"},"primaryImageOfPage":{"@id":"https:\/\/aixaddacademy.com\/index.php\/lenseignant-principal\/#primaryimage"},"image":{"@id":"https:\/\/aixaddacademy.com\/index.php\/lenseignant-principal\/#primaryimage"},"thumbnailUrl":"https:\/\/aixaddacademy.com\/wp-content\/uploads\/2023\/09\/CARTE-PRO-150x96.jpeg","datePublished":"2023-09-09T13:33:01+00:00","dateModified":"2023-12-05T21:16:44+00:00","breadcrumb":{"@id":"https:\/\/aixaddacademy.com\/index.php\/lenseignant-principal\/#breadcrumb"},"inLanguage":"fr-FR","potentialAction":[{"@type":"ReadAction","target":["https:\/\/aixaddacademy.com\/index.php\/lenseignant-principal\/"]}]},{"@type":"ImageObject","inLanguage":"fr-FR","@id":"https:\/\/aixaddacademy.com\/index.php\/lenseignant-principal\/#primaryimage","url":"https:\/\/aixaddacademy.com\/wp-content\/uploads\/2023\/09\/CARTE-PRO-150x96.jpeg","contentUrl":"https:\/\/aixaddacademy.com\/wp-content\/uploads\/2023\/09\/CARTE-PRO-150x96.jpeg"},{"@type":"BreadcrumbList","@id":"https:\/\/aixaddacademy.com\/index.php\/lenseignant-principal\/#breadcrumb","itemListElement":[{"@type":"ListItem","position":1,"name":"Accueil","item":"https:\/\/aixaddacademy.com\/"},{"@type":"ListItem","position":2,"name":"L&rsquo;enseignant principal"}]},{"@type":"WebSite","@id":"https:\/\/aixaddacademy.com\/#website","url":"https:\/\/aixaddacademy.com\/","name":"ADD ACADEMY BY YAMAKASI AIX-EN-PROVENCE","description":"L&#039;\u00e9cole des YAMAKASI en Provence","publisher":{"@id":"https:\/\/aixaddacademy.com\/#organization"},"potentialAction":[{"@type":"SearchAction","target":{"@type":"EntryPoint","urlTemplate":"https:\/\/aixaddacademy.com\/?s={search_term_string}"},"query-input":{"@type":"PropertyValueSpecification","valueRequired":true,"valueName":"search_term_string"}}],"inLanguage":"fr-FR"},{"@type":"Organization","@id":"https:\/\/aixaddacademy.com\/#organization","name":"ADD ACADEMY BY YAMAKASI AIX-EN-PROVENCE","url":"https:\/\/aixaddacademy.com\/","logo":{"@type":"ImageObject","inLanguage":"fr-FR","@id":"https:\/\/aixaddacademy.com\/#\/schema\/logo\/image\/","url":"https:\/\/aixaddacademy.com\/wp-content\/uploads\/2022\/09\/cropped-ADD-ACADEMY-LOGO-off-300-\u00d7-300-px-1.png","contentUrl":"https:\/\/aixaddacademy.com\/wp-content\/uploads\/2022\/09\/cropped-ADD-ACADEMY-LOGO-off-300-\u00d7-300-px-1.png","width":227,"height":257,"caption":"ADD ACADEMY BY YAMAKASI AIX-EN-PROVENCE"},"image":{"@id":"https:\/\/aixaddacademy.com\/#\/schema\/logo\/image\/"}}]}},"_links":{"self":[{"href":"https:\/\/aixaddacademy.com\/index.php\/wp-json\/wp\/v2\/pages\/527","targetHints":{"allow":["GET"]}}],"collection":[{"href":"https:\/\/aixaddacademy.com\/index.php\/wp-json\/wp\/v2\/pages"}],"about":[{"href":"https:\/\/aixaddacademy.com\/index.php\/wp-json\/wp\/v2\/types\/page"}],"author":[{"embeddable":true,"href":"https:\/\/aixaddacademy.com\/index.php\/wp-json\/wp\/v2\/users\/1"}],"replies":[{"embeddable":true,"href":"https:\/\/aixaddacademy.com\/index.php\/wp-json\/wp\/v2\/comments?post=527"}],"version-history":[{"count":27,"href":"https:\/\/aixaddacademy.com\/index.php\/wp-json\/wp\/v2\/pages\/527\/revisions"}],"predecessor-version":[{"id":1027,"href":"https:\/\/aixaddacademy.com\/index.php\/wp-json\/wp\/v2\/pages\/527\/revisions\/1027"}],"wp:attachment":[{"href":"https:\/\/aixaddacademy.com\/index.php\/wp-json\/wp\/v2\/media?parent=527"}],"curies":[{"name":"wp","href":"https:\/\/api.w.org\/{rel}","templated":true}]}}